{"id":2981,"date":"2023-12-18T10:36:06","date_gmt":"2023-12-18T10:36:06","guid":{"rendered":"https:\/\/i-w-s.de\/neuigkeiten\/"},"modified":"2024-03-01T14:11:56","modified_gmt":"2024-03-01T14:11:56","slug":"news","status":"publish","type":"page","link":"https:\/\/i-w-s.de\/en\/news\/","title":{"rendered":"News"},"content":{"rendered":"\t\t<div data-elementor-type=\"wp-page\" data-elementor-id=\"2981\" class=\"elementor elementor-2981 elementor-576\" data-elementor-post-type=\"page\">\n\t\t\t\t<div class=\"elementor-element elementor-element-6e1687d e-flex e-con-boxed e-con e-parent\" data-id=\"6e1687d\" data-element_type=\"container\" data-e-type=\"container\" data-settings=\"{&quot;background_background&quot;:&quot;classic&quot;}\">\n\t\t\t\t\t<div class=\"e-con-inner\">\n\t\t<div class=\"elementor-element elementor-element-2591ea6 e-con-full e-flex e-con e-child\" data-id=\"2591ea6\" data-element_type=\"container\" data-e-type=\"container\">\n\t\t\t\t<div class=\"elementor-element elementor-element-0d71424 elementor-widget elementor-widget-heading\" data-id=\"0d71424\" data-element_type=\"widget\" data-e-type=\"widget\" data-widget_type=\"heading.default\">\n\t\t\t\t<div class=\"elementor-widget-container\">\n\t\t\t\t\t<h1 class=\"elementor-heading-title elementor-size-default\">Our news: Current information and developments in the industry<\/h1>\t\t\t\t<\/div>\n\t\t\t\t<\/div>\n\t\t\t\t<\/div>\n\t\t\t\t\t<\/div>\n\t\t\t\t<\/div>\n\t\t<div class=\"elementor-element elementor-element-25e9118 e-flex e-con-boxed e-con e-parent\" data-id=\"25e9118\" data-element_type=\"container\" data-e-type=\"container\">\n\t\t\t\t\t<div class=\"e-con-inner\">\n\t\t\t\t<div class=\"elementor-element elementor-element-2ba8bb5 elementor-widget elementor-widget-heading\" data-id=\"2ba8bb5\" data-element_type=\"widget\" data-e-type=\"widget\" data-widget_type=\"heading.default\">\n\t\t\t\t<div class=\"elementor-widget-container\">\n\t\t\t\t\t<h1 class=\"elementor-heading-title elementor-size-default\">News<\/h1>\t\t\t\t<\/div>\n\t\t\t\t<\/div>\n\t\t\t\t\t<\/div>\n\t\t\t\t<\/div>\n\t\t<div class=\"elementor-element elementor-element-8700236 e-flex e-con-boxed e-con e-parent\" data-id=\"8700236\" data-element_type=\"container\" data-e-type=\"container\">\n\t\t\t\t\t<div class=\"e-con-inner\">\n\t\t<div class=\"elementor-element elementor-element-80da500 e-con-full e-flex e-con e-child\" data-id=\"80da500\" data-element_type=\"container\" data-e-type=\"container\">\n\t\t<div class=\"elementor-element elementor-element-160749b e-flex e-con-boxed e-con e-child\" data-id=\"160749b\" data-element_type=\"container\" data-e-type=\"container\">\n\t\t\t\t\t<div class=\"e-con-inner\">\n\t\t\t\t<div class=\"elementor-element elementor-element-e063337 elementor-widget__width-initial elementor-widget-divider--view-line elementor-widget elementor-widget-divider\" data-id=\"e063337\" data-element_type=\"widget\" data-e-type=\"widget\" data-widget_type=\"divider.default\">\n\t\t\t\t<div class=\"elementor-widget-container\">\n\t\t\t\t\t\t\t<div class=\"elementor-divider\">\n\t\t\t<span class=\"elementor-divider-separator\">\n\t\t\t\t\t\t<\/span>\n\t\t<\/div>\n\t\t\t\t\t\t<\/div>\n\t\t\t\t<\/div>\n\t\t\t\t<div class=\"elementor-element elementor-element-4d42fd7 elementor-widget elementor-widget-heading\" data-id=\"4d42fd7\" data-element_type=\"widget\" data-e-type=\"widget\" data-widget_type=\"heading.default\">\n\t\t\t\t<div class=\"elementor-widget-container\">\n\t\t\t\t\t<h2 class=\"elementor-heading-title elementor-size-default\">News at IWS<\/h2>\t\t\t\t<\/div>\n\t\t\t\t<\/div>\n\t\t\t\t\t<\/div>\n\t\t\t\t<\/div>\n\t\t\t\t<div class=\"elementor-element elementor-element-ef150a8 elementor-widget elementor-widget-heading\" data-id=\"ef150a8\" data-element_type=\"widget\" data-e-type=\"widget\" data-widget_type=\"heading.default\">\n\t\t\t\t<div class=\"elementor-widget-container\">\n\t\t\t\t\t<h2 class=\"elementor-heading-title elementor-size-default\">Current events and <br>information about <br>IWS GmbH<\/h2>\t\t\t\t<\/div>\n\t\t\t\t<\/div>\n\t\t\t\t<\/div>\n\t\t\t\t\t<\/div>\n\t\t\t\t<\/div>\n\t\t<div class=\"elementor-element elementor-element-ca5e37e e-flex e-con-boxed e-con e-parent\" data-id=\"ca5e37e\" data-element_type=\"container\" data-e-type=\"container\">\n\t\t\t\t\t<div class=\"e-con-inner\">\n\t\t\t\t<div class=\"elementor-element elementor-element-e478f10 elementor-widget__width-inherit elementor-widget elementor-widget-html\" data-id=\"e478f10\" data-element_type=\"widget\" data-e-type=\"widget\" data-widget_type=\"html.default\">\n\t\t\t\t<div class=\"elementor-widget-container\">\n\t\t\t\t\t<style>\n    #news-container {\n        max-width: var(--content-width);\n        margin: 0 auto;\n    }\n    .news-item {\n        border-bottom: 1px solid #ccc;\n        padding: 15px; \/* Erh\u00f6he die Padding-H\u00f6he f\u00fcr mehr Platz *\/\n        display: flex;\n        align-items: center;\n       padding-top: 50px;\n        padding-bottom: 50px !Important;\n    }\n    .news-title-container {\n        display: flex;\n        flex-direction: column;\n        align-items: flex-start;\n        flex: 1;\n    }\n    .news-title {\n        font-size: 30px;\n        font-weight: bold;\n        margin-left: 10px;\n        font-family: 'Frutiger LT Pro';\n        color: #005696;\n    }\n    .instagram-link-container {\n        display: flex;\n        align-items: center;\n    }\n    .instagram-link {\n        color: #3498db;\n        text-decoration: none;\n        font-weight: bold;\n         font-family: 'Frutiger LT Pro';\n        color: #005696;\n    }\n    .red-line {\n        width: 80px;\n        height: 3px;\n        background-color: #005696;\n        margin: 0 10px;\n    }\n    .home-icon {\n        width: 60px;\n        height: 70px;\n        fill: #3498db;\n        margin-right: 10px;\n    }\n<\/style>\n\n<div id=\"news-container\"><\/div>\n\n<script>\n    \/\/ Hier den RSS-Feed-Link anpassen\n    const rssFeedUrl = 'https:\/\/i-w-s.de\/wp-content\/uploads\/2023\/12\/rss.xml';\n\n    \/\/ Hier den Link zur SVG-Datei anpassen\n    const svgIconUrl = 'https:\/\/i-w-s.de\/wp-content\/uploads\/2023\/12\/megaphone-2.svg';\n\n    \/\/ Funktion zum Abrufen des RSS-Feeds und Anzeigen der News\n    function loadNews() {\n        fetch(`https:\/\/api.rss2json.com\/v1\/api.json?rss_url=${encodeURIComponent(rssFeedUrl)}`)\n            .then(response => response.json())\n            .then(data => {\n                const newsContainer = document.getElementById('news-container');\n                data.items.forEach(item => {\n                    \/\/ \u00dcberspringe Elemente ohne Titel oder mit dem Titel \"No title\"\n                    if (!item.title || item.title.toLowerCase() === 'no title') {\n                        return;\n                    }\n\n                    const newsItem = document.createElement('div');\n                    newsItem.classList.add('news-item');\n\n                    \/\/ SVG Home Icon\n                    const homeIcon = document.createElement('img');\n                    homeIcon.classList.add('home-icon');\n                    homeIcon.src = svgIconUrl; \/\/ F\u00fcge den Link zur SVG-Datei hinzu\n                    homeIcon.alt = 'Megaphone Icon';\n\n                    const titleContainer = document.createElement('div');\n                    titleContainer.classList.add('news-title-container');\n\n                    const title = document.createElement('div');\n                    title.classList.add('news-title');\n                    title.innerHTML = item.title;\n\n                    const instagramLinkContainer = document.createElement('div');\n                    instagramLinkContainer.classList.add('instagram-link-container');\n\n                    const redLine = document.createElement('div');\n                    redLine.classList.add('red-line');\n\n                    const instagramLink = document.createElement('a');\n                    instagramLink.classList.add('instagram-link');\n                    instagramLink.href = item.link;\n                    instagramLink.target = '_blank';\n                    instagramLink.innerText = 'Zum Instagram Beitrag';\n\n                    instagramLinkContainer.appendChild(redLine);\n                    instagramLinkContainer.appendChild(instagramLink);\n\n                    titleContainer.appendChild(title);\n                    titleContainer.appendChild(instagramLinkContainer);\n\n                    newsItem.appendChild(homeIcon);\n                    newsItem.appendChild(titleContainer);\n                    newsContainer.appendChild(newsItem);\n                });\n            })\n            .catch(error => console.error('Error fetching RSS feed:', error));\n    }\n\n    \/\/ Lade die News beim Laden der Seite\n    document.addEventListener('DOMContentLoaded', loadNews);\n<\/script>\n\t\t\t\t<\/div>\n\t\t\t\t<\/div>\n\t\t\t\t\t<\/div>\n\t\t\t\t<\/div>\n\t\t<div class=\"elementor-element elementor-element-4dd2162 e-flex e-con-boxed e-con e-parent\" data-id=\"4dd2162\" data-element_type=\"container\" data-e-type=\"container\">\n\t\t\t\t\t<div class=\"e-con-inner\">\n\t\t\t\t<div class=\"elementor-element elementor-element-2c8283a elementor-widget elementor-widget-heading\" data-id=\"2c8283a\" data-element_type=\"widget\" data-e-type=\"widget\" data-widget_type=\"heading.default\">\n\t\t\t\t<div class=\"elementor-widget-container\">\n\t\t\t\t\t<h1 class=\"elementor-heading-title elementor-size-default\">Do you have any questions about events or IWS GmbH itself?\nPlease write to us.<\/h1>\t\t\t\t<\/div>\n\t\t\t\t<\/div>\n\t\t\t\t\t<\/div>\n\t\t\t\t<\/div>\n\t\t<div class=\"elementor-element elementor-element-5041e54 e-flex e-con-boxed e-con e-parent\" data-id=\"5041e54\" data-element_type=\"container\" data-e-type=\"container\">\n\t\t\t\t\t<div class=\"e-con-inner\">\n\t\t\t\t\t<\/div>\n\t\t\t\t<\/div>\n\t\t\t\t<\/div>\n\t\t","protected":false},"excerpt":{"rendered":"<p>Our news: Current information and developments in the industry News News at IWS Current events and information about IWS GmbH Do you have any questions about events or IWS GmbH itself? Please write to us.<\/p>\n","protected":false},"author":1,"featured_media":0,"parent":0,"menu_order":0,"comment_status":"closed","ping_status":"closed","template":"elementor_header_footer","meta":{"footnotes":""},"class_list":["post-2981","page","type-page","status-publish","hentry"],"_links":{"self":[{"href":"https:\/\/i-w-s.de\/en\/wp-json\/wp\/v2\/pages\/2981","targetHints":{"allow":["GET"]}}],"collection":[{"href":"https:\/\/i-w-s.de\/en\/wp-json\/wp\/v2\/pages"}],"about":[{"href":"https:\/\/i-w-s.de\/en\/wp-json\/wp\/v2\/types\/page"}],"author":[{"embeddable":true,"href":"https:\/\/i-w-s.de\/en\/wp-json\/wp\/v2\/users\/1"}],"replies":[{"embeddable":true,"href":"https:\/\/i-w-s.de\/en\/wp-json\/wp\/v2\/comments?post=2981"}],"version-history":[{"count":5,"href":"https:\/\/i-w-s.de\/en\/wp-json\/wp\/v2\/pages\/2981\/revisions"}],"predecessor-version":[{"id":3236,"href":"https:\/\/i-w-s.de\/en\/wp-json\/wp\/v2\/pages\/2981\/revisions\/3236"}],"wp:attachment":[{"href":"https:\/\/i-w-s.de\/en\/wp-json\/wp\/v2\/media?parent=2981"}],"curies":[{"name":"wp","href":"https:\/\/api.w.org\/{rel}","templated":true}]}}